{"id":101,"date":"2025-08-03T10:04:50","date_gmt":"2025-08-03T08:04:50","guid":{"rendered":"https:\/\/altruist.hr\/?page_id=101"},"modified":"2026-03-23T12:16:03","modified_gmt":"2026-03-23T11:16:03","slug":"o-nama","status":"publish","type":"page","link":"https:\/\/altruist.hr\/en\/o-nama\/","title":{"rendered":"About us"},"content":{"rendered":"<div data-elementor-type=\"wp-page\" data-elementor-id=\"101\" class=\"elementor elementor-101\" data-elementor-post-type=\"page\">\n\t\t\t\t<div class=\"elementor-element elementor-element-47a6f86 e-flex e-con-boxed e-con e-parent\" data-id=\"47a6f86\" data-element_type=\"container\">\n\t\t\t\t\t<div class=\"e-con-inner\">\n\t\t\t\t<div class=\"elementor-element elementor-element-bd8fa45 elementor-widget elementor-widget-text-editor\" data-id=\"bd8fa45\" data-element_type=\"widget\" data-widget_type=\"text-editor.default\">\n\t\t\t\t\t\t\t\t\t<p data-start=\"126\" data-end=\"498\"><strong data-start=\"126\" data-end=\"145\">Altruist doo<\/strong>\u00a0jedna je od vode\u0107ih hrvatskih tvrtki za <strong data-start=\"175\" data-end=\"219\">distribution and wholesale of children&#039;s equipment<\/strong>, with a focus on quality, safety and long-term partnerships. We are recognized on the market as <strong data-start=\"310\" data-end=\"354\">reliable distributor of renowned brands<\/strong>, including <strong data-start=\"368\" data-end=\"383\">Kinderkraft, Avionaut, BabyOno, Bebetto, Lionelo, Redsbaby<\/strong> and other leading manufacturers in the segment of strollers, car seats, furniture and additional equipment for babies and children.<\/p><p data-start=\"500\" data-end=\"770\">Our mission is to enable merchants and partners <strong data-start=\"548\" data-end=\"594\">access to proven and sought-after products<\/strong>, with fast delivery, support and a flexible business relationship. We cooperate with numerous retail chains, web stores and specialized baby shops throughout Croatia and the region.<\/p><p data-start=\"772\" data-end=\"1054\">As the crowning glory of our activity, we have also developed our own\u00a0<strong data-start=\"828\" data-end=\"903\">retail brand Babyland \u2013\u00a0<a class=\"\" href=\"https:\/\/www.babyland.hr\" target=\"_new\" rel=\"noopener\" data-start=\"863\" data-end=\"901\">babyland.hr<\/a><\/strong>, kroz koji direktno pru\u017eamo podr\u0161ku roditeljima i krajnjim kupcima. Time dodatno testiramo tr\u017ei\u0161ne potrebe i ja\u010damo prisutnost brendova koje zastupamo.<\/p><h3 data-start=\"1056\" data-end=\"1072\">Our approach:<\/h3><ul data-start=\"1073\" data-end=\"1314\"><li data-start=\"1073\" data-end=\"1121\"><p data-start=\"1075\" data-end=\"1121\">Focus on <strong data-start=\"1084\" data-end=\"1121\">reliable and long-term distribution<\/strong><\/p><\/li><li data-start=\"1122\" data-end=\"1186\"><p data-start=\"1124\" data-end=\"1186\">Selection <strong data-start=\"1131\" data-end=\"1186\">products in line with the needs of modern parents<\/strong><\/p><\/li><li data-start=\"1187\" data-end=\"1252\"><p data-start=\"1189\" data-end=\"1252\">Construction <strong data-start=\"1199\" data-end=\"1252\">trust through quality service and personal approach<\/strong><\/p><\/li><li data-start=\"1253\" data-end=\"1314\"><p data-start=\"1255\" data-end=\"1314\">Continuous monitoring of market trends and product range development<\/p><\/li><\/ul><p data-start=\"1316\" data-end=\"1414\">Whether you are a trader, partner or parent \u2013 you have us. <strong data-start=\"1373\" data-end=\"1414\">a partner you can rely on.<\/strong><\/p>\t\t\t\t\t\t\t\t<\/div>\n\t\t\t\t\t<\/div>\n\t\t\t\t<\/div>\n\t\t\t\t<\/div>","protected":false},"excerpt":{"rendered":"<p>Altruist d.o.o.\u00a0jedna je od vode\u0107ih hrvatskih tvrtki za distribuciju i veleprodaju dje\u010dje opreme, s fokusom na kvalitetu, sigurnost i dugoro\u010dna partnerstva. Na tr\u017ei\u0161tu smo prepoznati kao pouzdan distributer renomiranih brendova, uklju\u010duju\u0107i Kinderkraft, Avionaut, BabyOno, Bebetto, Lionelo, Redsbaby i druge vode\u0107e proizvo\u0111a\u010de iz segmenta dje\u010djih kolica, autosjedalica, namje\u0161taja i dodatne opreme za bebe i djecu. Na\u0161a [&hellip;]<\/p>","protected":false},"author":1,"featured_media":0,"parent":0,"menu_order":0,"comment_status":"closed","ping_status":"closed","template":"","meta":{"footnotes":""},"class_list":["post-101","page","type-page","status-publish","hentry"],"yoast_head":"<!-- This site is optimized with the Yoast SEO plugin v26.0 - https:\/\/yoast.com\/wordpress\/plugins\/seo\/ -->\n<title>O nama - Altruist<\/title>\n<meta name=\"robots\" content=\"index, follow, max-snippet:-1, max-image-preview:large, max-video-preview:-1\" \/>\n<link rel=\"canonical\" href=\"https:\/\/altruist.hr\/en\/o-nama\/\" \/>\n<meta property=\"og:locale\" content=\"en_US\" \/>\n<meta property=\"og:type\" content=\"article\" \/>\n<meta property=\"og:title\" content=\"O nama - Altruist\" \/>\n<meta property=\"og:description\" content=\"Altruist d.o.o.\u00a0jedna je od vode\u0107ih hrvatskih tvrtki za distribuciju i veleprodaju dje\u010dje opreme, s fokusom na kvalitetu, sigurnost i dugoro\u010dna partnerstva. Na tr\u017ei\u0161tu smo prepoznati kao pouzdan distributer renomiranih brendova, uklju\u010duju\u0107i Kinderkraft, Avionaut, BabyOno, Bebetto, Lionelo, Redsbaby i druge vode\u0107e proizvo\u0111a\u010de iz segmenta dje\u010djih kolica, autosjedalica, namje\u0161taja i dodatne opreme za bebe i djecu. Na\u0161a [&hellip;]\" \/>\n<meta property=\"og:url\" content=\"https:\/\/altruist.hr\/en\/o-nama\/\" \/>\n<meta property=\"og:site_name\" content=\"Altruist\" \/>\n<meta property=\"article:modified_time\" content=\"2026-03-23T11:16:03+00:00\" \/>\n<meta name=\"twitter:card\" content=\"summary_large_image\" \/>\n<meta name=\"twitter:label1\" content=\"Est. reading time\" \/>\n\t<meta name=\"twitter:data1\" content=\"1 minute\" \/>\n<script type=\"application\/ld+json\" class=\"yoast-schema-graph\">{\"@context\":\"https:\/\/schema.org\",\"@graph\":[{\"@type\":\"WebPage\",\"@id\":\"https:\/\/altruist.hr\/o-nama\/\",\"url\":\"https:\/\/altruist.hr\/o-nama\/\",\"name\":\"O nama - Altruist\",\"isPartOf\":{\"@id\":\"https:\/\/altruist.hr\/#website\"},\"datePublished\":\"2025-08-03T08:04:50+00:00\",\"dateModified\":\"2026-03-23T11:16:03+00:00\",\"breadcrumb\":{\"@id\":\"https:\/\/altruist.hr\/o-nama\/#breadcrumb\"},\"inLanguage\":\"en-US\",\"potentialAction\":[{\"@type\":\"ReadAction\",\"target\":[\"https:\/\/altruist.hr\/o-nama\/\"]}]},{\"@type\":\"BreadcrumbList\",\"@id\":\"https:\/\/altruist.hr\/o-nama\/#breadcrumb\",\"itemListElement\":[{\"@type\":\"ListItem\",\"position\":1,\"name\":\"Po\u010detna stranica\",\"item\":\"https:\/\/altruist.hr\/\"},{\"@type\":\"ListItem\",\"position\":2,\"name\":\"O nama\"}]},{\"@type\":\"WebSite\",\"@id\":\"https:\/\/altruist.hr\/#website\",\"url\":\"https:\/\/altruist.hr\/\",\"name\":\"Altruist\",\"description\":\"Pouzdan B2B partner, fokusiran na kvalitetu i dugoro\u010dnu suradnju.\",\"publisher\":{\"@id\":\"https:\/\/altruist.hr\/#organization\"},\"potentialAction\":[{\"@type\":\"SearchAction\",\"target\":{\"@type\":\"EntryPoint\",\"urlTemplate\":\"https:\/\/altruist.hr\/?s={search_term_string}\"},\"query-input\":{\"@type\":\"PropertyValueSpecification\",\"valueRequired\":true,\"valueName\":\"search_term_string\"}}],\"inLanguage\":\"en-US\"},{\"@type\":\"Organization\",\"@id\":\"https:\/\/altruist.hr\/#organization\",\"name\":\"Altruist\",\"url\":\"https:\/\/altruist.hr\/\",\"logo\":{\"@type\":\"ImageObject\",\"inLanguage\":\"en-US\",\"@id\":\"https:\/\/altruist.hr\/#\/schema\/logo\/image\/\",\"url\":\"https:\/\/altruist.hr\/wp-content\/uploads\/2025\/07\/Altruist-LOGO-1.png\",\"contentUrl\":\"https:\/\/altruist.hr\/wp-content\/uploads\/2025\/07\/Altruist-LOGO-1.png\",\"width\":758,\"height\":122,\"caption\":\"Altruist\"},\"image\":{\"@id\":\"https:\/\/altruist.hr\/#\/schema\/logo\/image\/\"}}]}<\/script>\n<!-- \/ Yoast SEO plugin. -->","yoast_head_json":{"title":"O nama - Altruist","robots":{"index":"index","follow":"follow","max-snippet":"max-snippet:-1","max-image-preview":"max-image-preview:large","max-video-preview":"max-video-preview:-1"},"canonical":"https:\/\/altruist.hr\/en\/o-nama\/","og_locale":"en_US","og_type":"article","og_title":"O nama - Altruist","og_description":"Altruist d.o.o.\u00a0jedna je od vode\u0107ih hrvatskih tvrtki za distribuciju i veleprodaju dje\u010dje opreme, s fokusom na kvalitetu, sigurnost i dugoro\u010dna partnerstva. Na tr\u017ei\u0161tu smo prepoznati kao pouzdan distributer renomiranih brendova, uklju\u010duju\u0107i Kinderkraft, Avionaut, BabyOno, Bebetto, Lionelo, Redsbaby i druge vode\u0107e proizvo\u0111a\u010de iz segmenta dje\u010djih kolica, autosjedalica, namje\u0161taja i dodatne opreme za bebe i djecu. Na\u0161a [&hellip;]","og_url":"https:\/\/altruist.hr\/en\/o-nama\/","og_site_name":"Altruist","article_modified_time":"2026-03-23T11:16:03+00:00","twitter_card":"summary_large_image","twitter_misc":{"Est. reading time":"1 minute"},"schema":{"@context":"https:\/\/schema.org","@graph":[{"@type":"WebPage","@id":"https:\/\/altruist.hr\/o-nama\/","url":"https:\/\/altruist.hr\/o-nama\/","name":"O nama - Altruist","isPartOf":{"@id":"https:\/\/altruist.hr\/#website"},"datePublished":"2025-08-03T08:04:50+00:00","dateModified":"2026-03-23T11:16:03+00:00","breadcrumb":{"@id":"https:\/\/altruist.hr\/o-nama\/#breadcrumb"},"inLanguage":"en-US","potentialAction":[{"@type":"ReadAction","target":["https:\/\/altruist.hr\/o-nama\/"]}]},{"@type":"BreadcrumbList","@id":"https:\/\/altruist.hr\/o-nama\/#breadcrumb","itemListElement":[{"@type":"ListItem","position":1,"name":"Po\u010detna stranica","item":"https:\/\/altruist.hr\/"},{"@type":"ListItem","position":2,"name":"O nama"}]},{"@type":"WebSite","@id":"https:\/\/altruist.hr\/#website","url":"https:\/\/altruist.hr\/","name":"Altruist","description":"Pouzdan B2B partner, fokusiran na kvalitetu i dugoro\u010dnu suradnju.","publisher":{"@id":"https:\/\/altruist.hr\/#organization"},"potentialAction":[{"@type":"SearchAction","target":{"@type":"EntryPoint","urlTemplate":"https:\/\/altruist.hr\/?s={search_term_string}"},"query-input":{"@type":"PropertyValueSpecification","valueRequired":true,"valueName":"search_term_string"}}],"inLanguage":"en-US"},{"@type":"Organization","@id":"https:\/\/altruist.hr\/#organization","name":"Altruist","url":"https:\/\/altruist.hr\/","logo":{"@type":"ImageObject","inLanguage":"en-US","@id":"https:\/\/altruist.hr\/#\/schema\/logo\/image\/","url":"https:\/\/altruist.hr\/wp-content\/uploads\/2025\/07\/Altruist-LOGO-1.png","contentUrl":"https:\/\/altruist.hr\/wp-content\/uploads\/2025\/07\/Altruist-LOGO-1.png","width":758,"height":122,"caption":"Altruist"},"image":{"@id":"https:\/\/altruist.hr\/#\/schema\/logo\/image\/"}}]}},"_links":{"self":[{"href":"https:\/\/altruist.hr\/en\/wp-json\/wp\/v2\/pages\/101","targetHints":{"allow":["GET"]}}],"collection":[{"href":"https:\/\/altruist.hr\/en\/wp-json\/wp\/v2\/pages"}],"about":[{"href":"https:\/\/altruist.hr\/en\/wp-json\/wp\/v2\/types\/page"}],"author":[{"embeddable":true,"href":"https:\/\/altruist.hr\/en\/wp-json\/wp\/v2\/users\/1"}],"replies":[{"embeddable":true,"href":"https:\/\/altruist.hr\/en\/wp-json\/wp\/v2\/comments?post=101"}],"version-history":[{"count":7,"href":"https:\/\/altruist.hr\/en\/wp-json\/wp\/v2\/pages\/101\/revisions"}],"predecessor-version":[{"id":229,"href":"https:\/\/altruist.hr\/en\/wp-json\/wp\/v2\/pages\/101\/revisions\/229"}],"wp:attachment":[{"href":"https:\/\/altruist.hr\/en\/wp-json\/wp\/v2\/media?parent=101"}],"curies":[{"name":"wp","href":"https:\/\/api.w.org\/{rel}","templated":true}]}}