{"id":78,"date":"2025-07-28T11:24:34","date_gmt":"2025-07-28T09:24:34","guid":{"rendered":"https:\/\/altruist.hr\/?page_id=78"},"modified":"2026-03-23T12:38:23","modified_gmt":"2026-03-23T11:38:23","slug":"kontakt","status":"publish","type":"page","link":"https:\/\/altruist.hr\/en\/kontakt\/","title":{"rendered":"Contact"},"content":{"rendered":"<div data-elementor-type=\"wp-page\" data-elementor-id=\"78\" class=\"elementor elementor-78\" data-elementor-post-type=\"page\">\n\t\t\t\t<div class=\"elementor-element elementor-element-bb9773d e-flex e-con-boxed e-con e-parent\" data-id=\"bb9773d\" data-element_type=\"container\">\n\t\t\t\t\t<div class=\"e-con-inner\">\n\t\t\t\t<div class=\"elementor-element elementor-element-bd96c30 elementor-widget elementor-widget-text-editor\" data-id=\"bd96c30\" data-element_type=\"widget\" data-widget_type=\"text-editor.default\">\n\t\t\t\t\t\t\t\t\t<p style=\"text-align: center;\">Kao pouzdan B2B partner stojimo vam na raspolaganju za sve upite vezane za suradnju i distribuciju.<\/p><p style=\"text-align: center;\">Na\u0161 tim rado \u0107e vam pru\u017eiti sve potrebne informacije.<\/p>\t\t\t\t\t\t\t\t<\/div>\n\t\t\t\t\t<\/div>\n\t\t\t\t<\/div>\n\t\t\t\t<section class=\"elementor-section elementor-top-section elementor-element elementor-element-19c8bff6 elementor-section-boxed elementor-section-height-default elementor-section-height-default\" data-id=\"19c8bff6\" data-element_type=\"section\">\n\t\t\t\t\t\t<div class=\"elementor-container elementor-column-gap-no\">\n\t\t\t\t\t<div class=\"elementor-column elementor-col-100 elementor-top-column elementor-element elementor-element-2a8b1cde\" data-id=\"2a8b1cde\" data-element_type=\"column\">\n\t\t\t<div class=\"elementor-widget-wrap elementor-element-populated\">\n\t\t\t\t\t\t<section class=\"elementor-section elementor-inner-section elementor-element elementor-element-7add51dc elementor-section-boxed elementor-section-height-default elementor-section-height-default\" data-id=\"7add51dc\" data-element_type=\"section\">\n\t\t\t\t\t\t<div class=\"elementor-container elementor-column-gap-default\">\n\t\t\t\t\t<div class=\"elementor-column elementor-col-33 elementor-inner-column elementor-element elementor-element-455d005 elementor-invisible\" data-id=\"455d005\" data-element_type=\"column\" data-settings=\"{&quot;animation&quot;:&quot;fadeInUp&quot;}\">\n\t\t\t<div class=\"elementor-widget-wrap elementor-element-populated\">\n\t\t\t\t\t\t<div class=\"elementor-element elementor-element-4e62d633 ekit-equal-height-disable elementor-widget elementor-widget-elementskit-icon-box\" data-id=\"4e62d633\" data-element_type=\"widget\" data-widget_type=\"elementskit-icon-box.default\">\n\t\t\t\t\t<div class=\"ekit-wid-con\" >        <!-- link opening -->\n                <!-- end link opening -->\n\n        <div class=\"elementskit-infobox text-center text- icon-top-align elementor-animation-\">\n                    <div class=\"elementskit-box-header elementor-animation-\">\n                <div class=\"elementskit-info-box-icon\">\n                    <i aria-hidden=\"true\" class=\"elementkit-infobox-icon icon icon-map1\"><\/i>\n                <\/div>\n          <\/div>\n                        <div class=\"box-body\">\n                            <h3 class=\"elementskit-info-box-title\">\n                    Office address                <\/h3>\n                        \t\t  \t<p>Jalkove\u010dka 31, 42000 Vara\u017edin<\/p>\n                                <\/div>\n        \n        \n                <\/div>\n        <\/div>\t\t\t\t<\/div>\n\t\t\t\t\t<\/div>\n\t\t<\/div>\n\t\t\t\t<div class=\"elementor-column elementor-col-33 elementor-inner-column elementor-element elementor-element-3a30c985 elementor-invisible\" data-id=\"3a30c985\" data-element_type=\"column\" data-settings=\"{&quot;animation&quot;:&quot;fadeInUp&quot;,&quot;animation_delay&quot;:200}\">\n\t\t\t<div class=\"elementor-widget-wrap elementor-element-populated\">\n\t\t\t\t\t\t<div class=\"elementor-element elementor-element-415daa2 ekit-equal-height-disable elementor-widget elementor-widget-elementskit-icon-box\" data-id=\"415daa2\" data-element_type=\"widget\" data-widget_type=\"elementskit-icon-box.default\">\n\t\t\t\t\t<div class=\"ekit-wid-con\" >        <!-- link opening -->\n                <!-- end link opening -->\n\n        <div class=\"elementskit-infobox text-center text- icon-top-align elementor-animation-\">\n                    <div class=\"elementskit-box-header elementor-animation-\">\n                <div class=\"elementskit-info-box-icon\">\n                    <i aria-hidden=\"true\" class=\"elementkit-infobox-icon icon icon-envelope2\"><\/i>\n                <\/div>\n          <\/div>\n                        <div class=\"box-body\">\n                            <h3 class=\"elementskit-info-box-title\">\n                    E-mail                <\/h3>\n                        \t\t  \t<p>info@altruist.hr<\/p>\n                                <\/div>\n        \n        \n                <\/div>\n        <\/div>\t\t\t\t<\/div>\n\t\t\t\t\t<\/div>\n\t\t<\/div>\n\t\t\t\t<div class=\"elementor-column elementor-col-33 elementor-inner-column elementor-element elementor-element-46ca8499 elementor-invisible\" data-id=\"46ca8499\" data-element_type=\"column\" data-settings=\"{&quot;animation&quot;:&quot;fadeInUp&quot;,&quot;animation_delay&quot;:400}\">\n\t\t\t<div class=\"elementor-widget-wrap elementor-element-populated\">\n\t\t\t\t\t\t<div class=\"elementor-element elementor-element-473b8494 ekit-equal-height-disable elementor-widget elementor-widget-elementskit-icon-box\" data-id=\"473b8494\" data-element_type=\"widget\" data-widget_type=\"elementskit-icon-box.default\">\n\t\t\t\t\t<div class=\"ekit-wid-con\" >        <!-- link opening -->\n                <!-- end link opening -->\n\n        <div class=\"elementskit-infobox text-center text- icon-top-align elementor-animation-\">\n                    <div class=\"elementskit-box-header elementor-animation-\">\n                <div class=\"elementskit-info-box-icon\">\n                    <i aria-hidden=\"true\" class=\"elementkit-infobox-icon icon icon-phone-call1\"><\/i>\n                <\/div>\n          <\/div>\n                        <div class=\"box-body\">\n                            <h3 class=\"elementskit-info-box-title\">\n                    Phone                <\/h3>\n                        \t\t  \t<p>( +385) 99 306 7136<\/p>\n                                <\/div>\n        \n        \n                <\/div>\n        <\/div>\t\t\t\t<\/div>\n\t\t\t\t\t<\/div>\n\t\t<\/div>\n\t\t\t\t\t<\/div>\n\t\t<\/section>\n\t\t\t\t\t<\/div>\n\t\t<\/div>\n\t\t\t\t\t<\/div>\n\t\t<\/section>\n\t\t\t\t<\/div>","protected":false},"excerpt":{"rendered":"<p>Kao pouzdan B2B partner stojimo vam na raspolaganju za sve upite vezane za suradnju i distribuciju. Na\u0161 tim rado \u0107e vam pru\u017eiti sve potrebne informacije. Adresa ureda Jalkove\u010dka 31, 42000 Vara\u017edin Email info@altruist.hr Telefon ( +385) 99 306 7136<\/p>","protected":false},"author":1,"featured_media":0,"parent":0,"menu_order":0,"comment_status":"closed","ping_status":"closed","template":"elementor_header_footer","meta":{"footnotes":""},"class_list":["post-78","page","type-page","status-publish","hentry"],"yoast_head":"<!-- This site is optimized with the Yoast SEO plugin v26.0 - https:\/\/yoast.com\/wordpress\/plugins\/seo\/ -->\n<title>Kontakt - Altruist<\/title>\n<meta name=\"robots\" content=\"index, follow, max-snippet:-1, max-image-preview:large, max-video-preview:-1\" \/>\n<link rel=\"canonical\" href=\"https:\/\/altruist.hr\/en\/kontakt\/\" \/>\n<meta property=\"og:locale\" content=\"en_US\" \/>\n<meta property=\"og:type\" content=\"article\" \/>\n<meta property=\"og:title\" content=\"Kontakt - Altruist\" \/>\n<meta property=\"og:description\" content=\"Kao pouzdan B2B partner stojimo vam na raspolaganju za sve upite vezane za suradnju i distribuciju. Na\u0161 tim rado \u0107e vam pru\u017eiti sve potrebne informacije. Adresa ureda Jalkove\u010dka 31, 42000 Vara\u017edin Email info@altruist.hr Telefon ( +385) 99 306 7136\" \/>\n<meta property=\"og:url\" content=\"https:\/\/altruist.hr\/en\/kontakt\/\" \/>\n<meta property=\"og:site_name\" content=\"Altruist\" \/>\n<meta property=\"article:modified_time\" content=\"2026-03-23T11:38:23+00:00\" \/>\n<meta name=\"twitter:card\" content=\"summary_large_image\" \/>\n<meta name=\"twitter:label1\" content=\"Est. reading time\" \/>\n\t<meta name=\"twitter:data1\" content=\"1 minute\" \/>\n<script type=\"application\/ld+json\" class=\"yoast-schema-graph\">{\"@context\":\"https:\/\/schema.org\",\"@graph\":[{\"@type\":\"WebPage\",\"@id\":\"https:\/\/altruist.hr\/kontakt\/\",\"url\":\"https:\/\/altruist.hr\/kontakt\/\",\"name\":\"Kontakt - Altruist\",\"isPartOf\":{\"@id\":\"https:\/\/altruist.hr\/#website\"},\"datePublished\":\"2025-07-28T09:24:34+00:00\",\"dateModified\":\"2026-03-23T11:38:23+00:00\",\"breadcrumb\":{\"@id\":\"https:\/\/altruist.hr\/kontakt\/#breadcrumb\"},\"inLanguage\":\"en-US\",\"potentialAction\":[{\"@type\":\"ReadAction\",\"target\":[\"https:\/\/altruist.hr\/kontakt\/\"]}]},{\"@type\":\"BreadcrumbList\",\"@id\":\"https:\/\/altruist.hr\/kontakt\/#breadcrumb\",\"itemListElement\":[{\"@type\":\"ListItem\",\"position\":1,\"name\":\"Po\u010detna stranica\",\"item\":\"https:\/\/altruist.hr\/\"},{\"@type\":\"ListItem\",\"position\":2,\"name\":\"Kontakt\"}]},{\"@type\":\"WebSite\",\"@id\":\"https:\/\/altruist.hr\/#website\",\"url\":\"https:\/\/altruist.hr\/\",\"name\":\"Altruist\",\"description\":\"Pouzdan B2B partner, fokusiran na kvalitetu i dugoro\u010dnu suradnju.\",\"publisher\":{\"@id\":\"https:\/\/altruist.hr\/#organization\"},\"potentialAction\":[{\"@type\":\"SearchAction\",\"target\":{\"@type\":\"EntryPoint\",\"urlTemplate\":\"https:\/\/altruist.hr\/?s={search_term_string}\"},\"query-input\":{\"@type\":\"PropertyValueSpecification\",\"valueRequired\":true,\"valueName\":\"search_term_string\"}}],\"inLanguage\":\"en-US\"},{\"@type\":\"Organization\",\"@id\":\"https:\/\/altruist.hr\/#organization\",\"name\":\"Altruist\",\"url\":\"https:\/\/altruist.hr\/\",\"logo\":{\"@type\":\"ImageObject\",\"inLanguage\":\"en-US\",\"@id\":\"https:\/\/altruist.hr\/#\/schema\/logo\/image\/\",\"url\":\"https:\/\/altruist.hr\/wp-content\/uploads\/2025\/07\/Altruist-LOGO-1.png\",\"contentUrl\":\"https:\/\/altruist.hr\/wp-content\/uploads\/2025\/07\/Altruist-LOGO-1.png\",\"width\":758,\"height\":122,\"caption\":\"Altruist\"},\"image\":{\"@id\":\"https:\/\/altruist.hr\/#\/schema\/logo\/image\/\"}}]}<\/script>\n<!-- \/ Yoast SEO plugin. -->","yoast_head_json":{"title":"Kontakt - Altruist","robots":{"index":"index","follow":"follow","max-snippet":"max-snippet:-1","max-image-preview":"max-image-preview:large","max-video-preview":"max-video-preview:-1"},"canonical":"https:\/\/altruist.hr\/en\/kontakt\/","og_locale":"en_US","og_type":"article","og_title":"Kontakt - Altruist","og_description":"Kao pouzdan B2B partner stojimo vam na raspolaganju za sve upite vezane za suradnju i distribuciju. Na\u0161 tim rado \u0107e vam pru\u017eiti sve potrebne informacije. Adresa ureda Jalkove\u010dka 31, 42000 Vara\u017edin Email info@altruist.hr Telefon ( +385) 99 306 7136","og_url":"https:\/\/altruist.hr\/en\/kontakt\/","og_site_name":"Altruist","article_modified_time":"2026-03-23T11:38:23+00:00","twitter_card":"summary_large_image","twitter_misc":{"Est. reading time":"1 minute"},"schema":{"@context":"https:\/\/schema.org","@graph":[{"@type":"WebPage","@id":"https:\/\/altruist.hr\/kontakt\/","url":"https:\/\/altruist.hr\/kontakt\/","name":"Kontakt - Altruist","isPartOf":{"@id":"https:\/\/altruist.hr\/#website"},"datePublished":"2025-07-28T09:24:34+00:00","dateModified":"2026-03-23T11:38:23+00:00","breadcrumb":{"@id":"https:\/\/altruist.hr\/kontakt\/#breadcrumb"},"inLanguage":"en-US","potentialAction":[{"@type":"ReadAction","target":["https:\/\/altruist.hr\/kontakt\/"]}]},{"@type":"BreadcrumbList","@id":"https:\/\/altruist.hr\/kontakt\/#breadcrumb","itemListElement":[{"@type":"ListItem","position":1,"name":"Po\u010detna stranica","item":"https:\/\/altruist.hr\/"},{"@type":"ListItem","position":2,"name":"Kontakt"}]},{"@type":"WebSite","@id":"https:\/\/altruist.hr\/#website","url":"https:\/\/altruist.hr\/","name":"Altruist","description":"Pouzdan B2B partner, fokusiran na kvalitetu i dugoro\u010dnu suradnju.","publisher":{"@id":"https:\/\/altruist.hr\/#organization"},"potentialAction":[{"@type":"SearchAction","target":{"@type":"EntryPoint","urlTemplate":"https:\/\/altruist.hr\/?s={search_term_string}"},"query-input":{"@type":"PropertyValueSpecification","valueRequired":true,"valueName":"search_term_string"}}],"inLanguage":"en-US"},{"@type":"Organization","@id":"https:\/\/altruist.hr\/#organization","name":"Altruist","url":"https:\/\/altruist.hr\/","logo":{"@type":"ImageObject","inLanguage":"en-US","@id":"https:\/\/altruist.hr\/#\/schema\/logo\/image\/","url":"https:\/\/altruist.hr\/wp-content\/uploads\/2025\/07\/Altruist-LOGO-1.png","contentUrl":"https:\/\/altruist.hr\/wp-content\/uploads\/2025\/07\/Altruist-LOGO-1.png","width":758,"height":122,"caption":"Altruist"},"image":{"@id":"https:\/\/altruist.hr\/#\/schema\/logo\/image\/"}}]}},"_links":{"self":[{"href":"https:\/\/altruist.hr\/en\/wp-json\/wp\/v2\/pages\/78","targetHints":{"allow":["GET"]}}],"collection":[{"href":"https:\/\/altruist.hr\/en\/wp-json\/wp\/v2\/pages"}],"about":[{"href":"https:\/\/altruist.hr\/en\/wp-json\/wp\/v2\/types\/page"}],"author":[{"embeddable":true,"href":"https:\/\/altruist.hr\/en\/wp-json\/wp\/v2\/users\/1"}],"replies":[{"embeddable":true,"href":"https:\/\/altruist.hr\/en\/wp-json\/wp\/v2\/comments?post=78"}],"version-history":[{"count":13,"href":"https:\/\/altruist.hr\/en\/wp-json\/wp\/v2\/pages\/78\/revisions"}],"predecessor-version":[{"id":244,"href":"https:\/\/altruist.hr\/en\/wp-json\/wp\/v2\/pages\/78\/revisions\/244"}],"wp:attachment":[{"href":"https:\/\/altruist.hr\/en\/wp-json\/wp\/v2\/media?parent=78"}],"curies":[{"name":"wp","href":"https:\/\/api.w.org\/{rel}","templated":true}]}}