{"id":96,"date":"2025-08-03T09:58:51","date_gmt":"2025-08-03T07:58:51","guid":{"rendered":"https:\/\/altruist.hr\/?page_id=96"},"modified":"2026-03-23T12:33:17","modified_gmt":"2026-03-23T11:33:17","slug":"veleprodaja","status":"publish","type":"page","link":"https:\/\/altruist.hr\/en\/veleprodaja\/","title":{"rendered":"Wholesale"},"content":{"rendered":"<div data-elementor-type=\"wp-page\" data-elementor-id=\"96\" class=\"elementor elementor-96\" data-elementor-post-type=\"page\">\n\t\t\t\t<div class=\"elementor-element elementor-element-57d8988 e-flex e-con-boxed e-con e-parent\" data-id=\"57d8988\" data-element_type=\"container\">\n\t\t\t\t\t<div class=\"e-con-inner\">\n\t\t\t\t<div class=\"elementor-element elementor-element-7994af5 elementor-widget elementor-widget-text-editor\" data-id=\"7994af5\" data-element_type=\"widget\" data-widget_type=\"text-editor.default\">\n\t\t\t\t\t\t\t\t\t<h3 data-start=\"181\" data-end=\"217\"><strong data-start=\"185\" data-end=\"215\">WHOLESALE \/ DISTRIBUTION<\/strong><\/h3><p data-start=\"218\" data-end=\"298\"><strong data-start=\"218\" data-end=\"237\">Altruist doo<\/strong> jedna je od <strong>vode\u0107ih hrvatskih tvrtki<\/strong> u distribuciji dje\u010dje opreme, koja u svom portfelju zastupa renomirane brendove poput Kinderkraft, Avionaut, Lionelo, BabyOno i Redsbaby. Kroz dugogodi\u0161nju i uspje\u0161nu suradnju s najve\u0107im specijaliziranim trgovinama dje\u010dje opreme u Hrvatskoj i Sloveniji, kao i s drogerijama i trgova\u010dkim lancima, izgradili smo sna\u017enu tr\u017ei\u0161nu prisutnost. Kao <strong>pouzdan B2B partner<\/strong>, fokusirani smo na kvalitetu, dostupnost i dugoro\u010dne odnose s na\u0161im kupcima.<\/p><ul data-start=\"299\" data-end=\"550\"><li data-start=\"299\" data-end=\"374\"><p data-start=\"301\" data-end=\"374\">Exclusive distribution for <strong data-start=\"329\" data-end=\"344\">Kinderkraft<\/strong>, <b>Avionaut, BabyOno, Bebetto, Redsbaby, Jane, Lionelo, Leclercbaby, ACMA, Bellamy, Faktum, Momi, Neno, Supermami, Fillikid, Petite&amp;Mars, Nimbel, ECOToys<\/b><\/p><\/li><li data-start=\"375\" data-end=\"457\"><p data-start=\"377\" data-end=\"457\">Suradnja s maloprodajnim lancima, web trgovinama, specijaliziranim trgovinama i drogerijama<\/p><\/li><li data-start=\"458\" data-end=\"511\"><p data-start=\"460\" data-end=\"511\">Fast and reliable delivery throughout Croatia and the region<\/p><\/li><li data-start=\"512\" data-end=\"550\"><p data-start=\"514\" data-end=\"550\">Flexible and partner-like B2B support<\/p><\/li><li data-start=\"512\" data-end=\"550\">Contact us:<div><a href=\"mailto:veleprodaja@altruist.hr\" target=\"_blank\" rel=\"noopener\">wholesale@altruist.hr<\/a><\/div><div><a href=\"mailto:info@altruist.hr\" target=\"_blank\" rel=\"noopener\">info@altruist.hr<\/a><\/div><p>Altruist doo<br \/>Vara\u017edin, Jalkove\u010dka 31<\/p><p>mobile:\u00a0<a href=\"tel:+385993067136\">099\/306-7136<\/a><\/p><\/li><\/ul>\t\t\t\t\t\t\t\t<\/div>\n\t\t\t\t\t<\/div>\n\t\t\t\t<\/div>\n\t\t\t\t<\/div>","protected":false},"excerpt":{"rendered":"<p>VELEPRODAJA \/ DISTRIBUCIJA Altruist d.o.o. jedna je od vode\u0107ih hrvatskih tvrtki u distribuciji dje\u010dje opreme, koja u svom portfelju zastupa renomirane brendove poput Kinderkraft, Avionaut, Lionelo, BabyOno i Redsbaby. Kroz dugogodi\u0161nju i uspje\u0161nu suradnju s najve\u0107im specijaliziranim trgovinama dje\u010dje opreme u Hrvatskoj i Sloveniji, kao i s drogerijama i trgova\u010dkim lancima, izgradili smo sna\u017enu tr\u017ei\u0161nu [&hellip;]<\/p>","protected":false},"author":1,"featured_media":0,"parent":0,"menu_order":0,"comment_status":"closed","ping_status":"closed","template":"","meta":{"footnotes":""},"class_list":["post-96","page","type-page","status-publish","hentry"],"yoast_head":"<!-- This site is optimized with the Yoast SEO plugin v26.0 - https:\/\/yoast.com\/wordpress\/plugins\/seo\/ -->\n<title>Veleprodaja - Altruist<\/title>\n<meta name=\"robots\" content=\"index, follow, max-snippet:-1, max-image-preview:large, max-video-preview:-1\" \/>\n<link rel=\"canonical\" href=\"https:\/\/altruist.hr\/en\/veleprodaja\/\" \/>\n<meta property=\"og:locale\" content=\"en_US\" \/>\n<meta property=\"og:type\" content=\"article\" \/>\n<meta property=\"og:title\" content=\"Veleprodaja - Altruist\" \/>\n<meta property=\"og:description\" content=\"VELEPRODAJA \/ DISTRIBUCIJA Altruist d.o.o. jedna je od vode\u0107ih hrvatskih tvrtki u distribuciji dje\u010dje opreme, koja u svom portfelju zastupa renomirane brendove poput Kinderkraft, Avionaut, Lionelo, BabyOno i Redsbaby. Kroz dugogodi\u0161nju i uspje\u0161nu suradnju s najve\u0107im specijaliziranim trgovinama dje\u010dje opreme u Hrvatskoj i Sloveniji, kao i s drogerijama i trgova\u010dkim lancima, izgradili smo sna\u017enu tr\u017ei\u0161nu [&hellip;]\" \/>\n<meta property=\"og:url\" content=\"https:\/\/altruist.hr\/en\/veleprodaja\/\" \/>\n<meta property=\"og:site_name\" content=\"Altruist\" \/>\n<meta property=\"article:modified_time\" content=\"2026-03-23T11:33:17+00:00\" \/>\n<meta name=\"twitter:card\" content=\"summary_large_image\" \/>\n<meta name=\"twitter:label1\" content=\"Est. reading time\" \/>\n\t<meta name=\"twitter:data1\" content=\"1 minute\" \/>\n<script type=\"application\/ld+json\" class=\"yoast-schema-graph\">{\"@context\":\"https:\/\/schema.org\",\"@graph\":[{\"@type\":\"WebPage\",\"@id\":\"https:\/\/altruist.hr\/veleprodaja\/\",\"url\":\"https:\/\/altruist.hr\/veleprodaja\/\",\"name\":\"Veleprodaja - Altruist\",\"isPartOf\":{\"@id\":\"https:\/\/altruist.hr\/#website\"},\"datePublished\":\"2025-08-03T07:58:51+00:00\",\"dateModified\":\"2026-03-23T11:33:17+00:00\",\"breadcrumb\":{\"@id\":\"https:\/\/altruist.hr\/veleprodaja\/#breadcrumb\"},\"inLanguage\":\"en-US\",\"potentialAction\":[{\"@type\":\"ReadAction\",\"target\":[\"https:\/\/altruist.hr\/veleprodaja\/\"]}]},{\"@type\":\"BreadcrumbList\",\"@id\":\"https:\/\/altruist.hr\/veleprodaja\/#breadcrumb\",\"itemListElement\":[{\"@type\":\"ListItem\",\"position\":1,\"name\":\"Po\u010detna stranica\",\"item\":\"https:\/\/altruist.hr\/\"},{\"@type\":\"ListItem\",\"position\":2,\"name\":\"Veleprodaja\"}]},{\"@type\":\"WebSite\",\"@id\":\"https:\/\/altruist.hr\/#website\",\"url\":\"https:\/\/altruist.hr\/\",\"name\":\"Altruist\",\"description\":\"Pouzdan B2B partner, fokusiran na kvalitetu i dugoro\u010dnu suradnju.\",\"publisher\":{\"@id\":\"https:\/\/altruist.hr\/#organization\"},\"potentialAction\":[{\"@type\":\"SearchAction\",\"target\":{\"@type\":\"EntryPoint\",\"urlTemplate\":\"https:\/\/altruist.hr\/?s={search_term_string}\"},\"query-input\":{\"@type\":\"PropertyValueSpecification\",\"valueRequired\":true,\"valueName\":\"search_term_string\"}}],\"inLanguage\":\"en-US\"},{\"@type\":\"Organization\",\"@id\":\"https:\/\/altruist.hr\/#organization\",\"name\":\"Altruist\",\"url\":\"https:\/\/altruist.hr\/\",\"logo\":{\"@type\":\"ImageObject\",\"inLanguage\":\"en-US\",\"@id\":\"https:\/\/altruist.hr\/#\/schema\/logo\/image\/\",\"url\":\"https:\/\/altruist.hr\/wp-content\/uploads\/2025\/07\/Altruist-LOGO-1.png\",\"contentUrl\":\"https:\/\/altruist.hr\/wp-content\/uploads\/2025\/07\/Altruist-LOGO-1.png\",\"width\":758,\"height\":122,\"caption\":\"Altruist\"},\"image\":{\"@id\":\"https:\/\/altruist.hr\/#\/schema\/logo\/image\/\"}}]}<\/script>\n<!-- \/ Yoast SEO plugin. -->","yoast_head_json":{"title":"Veleprodaja - Altruist","robots":{"index":"index","follow":"follow","max-snippet":"max-snippet:-1","max-image-preview":"max-image-preview:large","max-video-preview":"max-video-preview:-1"},"canonical":"https:\/\/altruist.hr\/en\/veleprodaja\/","og_locale":"en_US","og_type":"article","og_title":"Veleprodaja - Altruist","og_description":"VELEPRODAJA \/ DISTRIBUCIJA Altruist d.o.o. jedna je od vode\u0107ih hrvatskih tvrtki u distribuciji dje\u010dje opreme, koja u svom portfelju zastupa renomirane brendove poput Kinderkraft, Avionaut, Lionelo, BabyOno i Redsbaby. Kroz dugogodi\u0161nju i uspje\u0161nu suradnju s najve\u0107im specijaliziranim trgovinama dje\u010dje opreme u Hrvatskoj i Sloveniji, kao i s drogerijama i trgova\u010dkim lancima, izgradili smo sna\u017enu tr\u017ei\u0161nu [&hellip;]","og_url":"https:\/\/altruist.hr\/en\/veleprodaja\/","og_site_name":"Altruist","article_modified_time":"2026-03-23T11:33:17+00:00","twitter_card":"summary_large_image","twitter_misc":{"Est. reading time":"1 minute"},"schema":{"@context":"https:\/\/schema.org","@graph":[{"@type":"WebPage","@id":"https:\/\/altruist.hr\/veleprodaja\/","url":"https:\/\/altruist.hr\/veleprodaja\/","name":"Veleprodaja - Altruist","isPartOf":{"@id":"https:\/\/altruist.hr\/#website"},"datePublished":"2025-08-03T07:58:51+00:00","dateModified":"2026-03-23T11:33:17+00:00","breadcrumb":{"@id":"https:\/\/altruist.hr\/veleprodaja\/#breadcrumb"},"inLanguage":"en-US","potentialAction":[{"@type":"ReadAction","target":["https:\/\/altruist.hr\/veleprodaja\/"]}]},{"@type":"BreadcrumbList","@id":"https:\/\/altruist.hr\/veleprodaja\/#breadcrumb","itemListElement":[{"@type":"ListItem","position":1,"name":"Po\u010detna stranica","item":"https:\/\/altruist.hr\/"},{"@type":"ListItem","position":2,"name":"Veleprodaja"}]},{"@type":"WebSite","@id":"https:\/\/altruist.hr\/#website","url":"https:\/\/altruist.hr\/","name":"Altruist","description":"Pouzdan B2B partner, fokusiran na kvalitetu i dugoro\u010dnu suradnju.","publisher":{"@id":"https:\/\/altruist.hr\/#organization"},"potentialAction":[{"@type":"SearchAction","target":{"@type":"EntryPoint","urlTemplate":"https:\/\/altruist.hr\/?s={search_term_string}"},"query-input":{"@type":"PropertyValueSpecification","valueRequired":true,"valueName":"search_term_string"}}],"inLanguage":"en-US"},{"@type":"Organization","@id":"https:\/\/altruist.hr\/#organization","name":"Altruist","url":"https:\/\/altruist.hr\/","logo":{"@type":"ImageObject","inLanguage":"en-US","@id":"https:\/\/altruist.hr\/#\/schema\/logo\/image\/","url":"https:\/\/altruist.hr\/wp-content\/uploads\/2025\/07\/Altruist-LOGO-1.png","contentUrl":"https:\/\/altruist.hr\/wp-content\/uploads\/2025\/07\/Altruist-LOGO-1.png","width":758,"height":122,"caption":"Altruist"},"image":{"@id":"https:\/\/altruist.hr\/#\/schema\/logo\/image\/"}}]}},"_links":{"self":[{"href":"https:\/\/altruist.hr\/en\/wp-json\/wp\/v2\/pages\/96","targetHints":{"allow":["GET"]}}],"collection":[{"href":"https:\/\/altruist.hr\/en\/wp-json\/wp\/v2\/pages"}],"about":[{"href":"https:\/\/altruist.hr\/en\/wp-json\/wp\/v2\/types\/page"}],"author":[{"embeddable":true,"href":"https:\/\/altruist.hr\/en\/wp-json\/wp\/v2\/users\/1"}],"replies":[{"embeddable":true,"href":"https:\/\/altruist.hr\/en\/wp-json\/wp\/v2\/comments?post=96"}],"version-history":[{"count":10,"href":"https:\/\/altruist.hr\/en\/wp-json\/wp\/v2\/pages\/96\/revisions"}],"predecessor-version":[{"id":241,"href":"https:\/\/altruist.hr\/en\/wp-json\/wp\/v2\/pages\/96\/revisions\/241"}],"wp:attachment":[{"href":"https:\/\/altruist.hr\/en\/wp-json\/wp\/v2\/media?parent=96"}],"curies":[{"name":"wp","href":"https:\/\/api.w.org\/{rel}","templated":true}]}}